{"id":21323,"date":"2022-12-13T19:03:23","date_gmt":"2022-12-14T03:03:23","guid":{"rendered":"https:\/\/deepfucks.com\/actors\/"},"modified":"2024-10-30T18:16:17","modified_gmt":"2024-10-31T01:16:17","slug":"celebrite-deepfake-porn","status":"publish","type":"page","link":"https:\/\/deepfucks.com\/fr\/celebrite-deepfake-porn\/","title":{"rendered":"Celebrity Deepfake Porn"},"content":{"rendered":"<p>Fatigu\u00e9 de trier les ordures chez MrDeepfakes ? Regardez ou t\u00e9l\u00e9chargez notre collection gratuite de vid\u00e9os pornographiques de c\u00e9l\u00e9brit\u00e9s en HD !<\/p>","protected":false},"excerpt":{"rendered":"<p>Fatigu\u00e9 de trier les ordures chez MrDeepfakes ? Regardez ou t\u00e9l\u00e9chargez notre collection gratuite de vid\u00e9os pornographiques de c\u00e9l\u00e9brit\u00e9s en HD !<\/p>","protected":false},"author":1,"featured_media":29830,"parent":0,"menu_order":0,"comment_status":"closed","ping_status":"closed","template":"template-actors.php","meta":{"_kad_blocks_custom_css":"","_kad_blocks_head_custom_js":"","_kad_blocks_body_custom_js":"","_kad_blocks_footer_custom_js":"","footnotes":""},"class_list":["post-21323","page","type-page","status-publish","has-post-thumbnail","hentry"],"acf":[],"taxonomy_info":[],"featured_image_src_large":["https:\/\/deepfucks.com\/media\/logos\/deepfake-pornstars.webp",640,360,false],"author_info":{"display_name":"DeepFucks.com","author_link":"https:\/\/deepfucks.com\/fr\/author\/deepfucks\/"},"comment_info":0,"_links":{"self":[{"href":"https:\/\/deepfucks.com\/fr\/wp-json\/wp\/v2\/pages\/21323","targetHints":{"allow":["GET"]}}],"collection":[{"href":"https:\/\/deepfucks.com\/fr\/wp-json\/wp\/v2\/pages"}],"about":[{"href":"https:\/\/deepfucks.com\/fr\/wp-json\/wp\/v2\/types\/page"}],"author":[{"embeddable":true,"href":"https:\/\/deepfucks.com\/fr\/wp-json\/wp\/v2\/users\/1"}],"replies":[{"embeddable":true,"href":"https:\/\/deepfucks.com\/fr\/wp-json\/wp\/v2\/comments?post=21323"}],"version-history":[{"count":0,"href":"https:\/\/deepfucks.com\/fr\/wp-json\/wp\/v2\/pages\/21323\/revisions"}],"wp:featuredmedia":[{"embeddable":true,"href":"https:\/\/deepfucks.com\/fr\/wp-json\/wp\/v2\/media\/29830"}],"wp:attachment":[{"href":"https:\/\/deepfucks.com\/fr\/wp-json\/wp\/v2\/media?parent=21323"}],"curies":[{"name":"wp","href":"https:\/\/api.w.org\/{rel}","templated":true}]}}