{"id":2326,"date":"2021-10-04T14:24:18","date_gmt":"2021-10-04T21:24:18","guid":{"rendered":"https:\/\/deepfucks.com\/?page_id=2326"},"modified":"2021-11-09T09:13:12","modified_gmt":"2021-11-09T17:13:12","slug":"tags","status":"publish","type":"page","link":"https:\/\/deepfucks.com\/fr\/tags\/","title":{"rendered":"Tags"},"content":{"rendered":"<p class=\"wp-block-tag-cloud\"><a href=\"https:\/\/deepfucks.com\/fr\/tag\/2-sluts\/\" class=\"tag-cloud-link tag-link-4656 tag-link-position-1\" style=\"font-size: 9.5448275862069pt;\" aria-label=\"2 Sluts (22 \u00e9l\u00e9ments)\">2 Sluts<\/a>\n<a href=\"https:\/\/deepfucks.com\/fr\/tag\/2000s-sluts\/\" class=\"tag-cloud-link tag-link-1736 tag-link-position-2\" style=\"font-size: 12.248275862069pt;\" aria-label=\"Salopes des ann\u00e9es 2000 (43 \u00e9l\u00e9ments)\">Salopes des ann\u00e9es 2000<\/a>\n<a href=\"https:\/\/deepfucks.com\/fr\/tag\/2010s-sluts\/\" class=\"tag-cloud-link tag-link-1735 tag-link-position-3\" style=\"font-size: 14.275862068966pt;\" aria-label=\"Salopes des ann\u00e9es 2010 (70 \u00e9l\u00e9ments)\">Salopes des c\u00e9l\u00e9brit\u00e9s des ann\u00e9es 2010<\/a>\n<a href=\"https:\/\/deepfucks.com\/fr\/tag\/a-list-celebs\/\" class=\"tag-cloud-link tag-link-1234 tag-link-position-4\" style=\"font-size: 10.027586206897pt;\" aria-label=\"A-List Celebs (25 \u00e9l\u00e9ments)\">C\u00e9l\u00e9brit\u00e9s de la liste A<\/a>\n<a href=\"https:\/\/deepfucks.com\/fr\/tag\/ahegao\/\" class=\"tag-cloud-link tag-link-1675 tag-link-position-5\" style=\"font-size: 9.351724137931pt;\" aria-label=\"Ahegao (21 \u00e9l\u00e9ments)\">Ahegao<\/a>\n<a href=\"https:\/\/deepfucks.com\/fr\/tag\/ana-de-armas\/\" class=\"tag-cloud-link tag-link-4230 tag-link-position-6\" style=\"font-size: 8.2896551724138pt;\" aria-label=\"Ana De Armas (16 \u00e9l\u00e9ments)\">Ana De Armas<\/a>\n<a href=\"https:\/\/deepfucks.com\/fr\/tag\/anal\/\" class=\"tag-cloud-link tag-link-1567 tag-link-position-7\" style=\"font-size: 14.855172413793pt;\" aria-label=\"Anal (81 \u00e9l\u00e9ments)\">Anal<\/a>\n<a href=\"https:\/\/deepfucks.com\/fr\/tag\/animated\/\" class=\"tag-cloud-link tag-link-3480 tag-link-position-8\" style=\"font-size: 15.820689655172pt;\" aria-label=\"Animated (101 \u00e9l\u00e9ments)\">Anim\u00e9<\/a>\n<a href=\"https:\/\/deepfucks.com\/fr\/tag\/anne-hathaway\/\" class=\"tag-cloud-link tag-link-4232 tag-link-position-9\" style=\"font-size: 10.993103448276pt;\" aria-label=\"Anne Hathaway (31 \u00e9l\u00e9ments)\">Anne Hathaway<\/a>\n<a href=\"https:\/\/deepfucks.com\/fr\/tag\/ariana-grande\/\" class=\"tag-cloud-link tag-link-4255 tag-link-position-10\" style=\"font-size: 9.351724137931pt;\" aria-label=\"Ariana Grande (21 \u00e9l\u00e9ments)\">Ariana Grande<\/a>\n<a href=\"https:\/\/deepfucks.com\/fr\/tag\/asian\/\" class=\"tag-cloud-link tag-link-416 tag-link-position-11\" style=\"font-size: 19.393103448276pt;\" aria-label=\"Asian (241 \u00e9l\u00e9ments)\">Asie<\/a>\n<a href=\"https:\/\/deepfucks.com\/fr\/tag\/ass-cam\/\" class=\"tag-cloud-link tag-link-4713 tag-link-position-12\" style=\"font-size: 10.510344827586pt;\" aria-label=\"Ass Cam (28 \u00e9l\u00e9ments)\">Ass Cam<\/a>\n<a href=\"https:\/\/deepfucks.com\/fr\/tag\/audio\/\" class=\"tag-cloud-link tag-link-4719 tag-link-position-13\" style=\"font-size: 8pt;\" aria-label=\"Audio (15 \u00e9l\u00e9ments)\">Audio<\/a>\n<a href=\"https:\/\/deepfucks.com\/fr\/tag\/bangbros\/\" class=\"tag-cloud-link tag-link-3446 tag-link-position-14\" style=\"font-size: 10.993103448276pt;\" aria-label=\"Bangbros (31 \u00e9l\u00e9ments)\">Bangbros<\/a>\n<a href=\"https:\/\/deepfucks.com\/fr\/tag\/big-black-cock\/\" class=\"tag-cloud-link tag-link-536 tag-link-position-15\" style=\"font-size: 9.351724137931pt;\" aria-label=\"BBC (21 \u00e9l\u00e9ments)\">BBC<\/a>\n<a href=\"https:\/\/deepfucks.com\/fr\/tag\/bedroom\/\" class=\"tag-cloud-link tag-link-4646 tag-link-position-16\" style=\"font-size: 9.7379310344828pt;\" aria-label=\"Bedroom (23 \u00e9l\u00e9ments)\">Bedroom<\/a>\n<a href=\"https:\/\/deepfucks.com\/fr\/tag\/big-ass\/\" class=\"tag-cloud-link tag-link-1710 tag-link-position-17\" style=\"font-size: 11.958620689655pt;\" aria-label=\"Big Ass (40 \u00e9l\u00e9ments)\">Gros Cul<\/a>\n<a href=\"https:\/\/deepfucks.com\/fr\/tag\/big-tits\/\" class=\"tag-cloud-link tag-link-868 tag-link-position-18\" style=\"font-size: 18.137931034483pt;\" aria-label=\"Big Tits (177 \u00e9l\u00e9ments)\">Gros seins<\/a>\n<a href=\"https:\/\/deepfucks.com\/fr\/tag\/black-hair\/\" class=\"tag-cloud-link tag-link-745 tag-link-position-19\" style=\"font-size: 16.206896551724pt;\" aria-label=\"Black Hair (111 \u00e9l\u00e9ments)\">Cheveux noirs<\/a>\n<a href=\"https:\/\/deepfucks.com\/fr\/tag\/blackpink\/\" class=\"tag-cloud-link tag-link-1823 tag-link-position-20\" style=\"font-size: 11.572413793103pt;\" aria-label=\"BLACKPINK (36 \u00e9l\u00e9ments)\">BLACKPINK<\/a>\n<a href=\"https:\/\/deepfucks.com\/fr\/tag\/blonde\/\" class=\"tag-cloud-link tag-link-455 tag-link-position-21\" style=\"font-size: 18.331034482759pt;\" aria-label=\"Blonde (185 \u00e9l\u00e9ments)\">Blonde<\/a>\n<a href=\"https:\/\/deepfucks.com\/fr\/tag\/blowjob\/\" class=\"tag-cloud-link tag-link-454 tag-link-position-22\" style=\"font-size: 18.234482758621pt;\" aria-label=\"Blowjob (180 \u00e9l\u00e9ments)\">Fellation<\/a>\n<a href=\"https:\/\/deepfucks.com\/fr\/tag\/blue-eyes\/\" class=\"tag-cloud-link tag-link-4647 tag-link-position-23\" style=\"font-size: 9.1586206896552pt;\" aria-label=\"Blue Eyes (20 \u00e9l\u00e9ments)\">Blue Eyes<\/a>\n<a href=\"https:\/\/deepfucks.com\/fr\/tag\/brunette\/\" class=\"tag-cloud-link tag-link-706 tag-link-position-24\" style=\"font-size: 17.172413793103pt;\" aria-label=\"Brunette (139 \u00e9l\u00e9ments)\">Brune<\/a>\n<a href=\"https:\/\/deepfucks.com\/fr\/tag\/child-actor\/\" class=\"tag-cloud-link tag-link-1124 tag-link-position-25\" style=\"font-size: 8.2896551724138pt;\" aria-label=\"Enfant acteur (16 \u00e9l\u00e9ments)\">Enfant acteur<\/a>\n<a href=\"https:\/\/deepfucks.com\/fr\/tag\/cosplay-sluts\/\" class=\"tag-cloud-link tag-link-4665 tag-link-position-26\" style=\"font-size: 8.2896551724138pt;\" aria-label=\"Cosplay Sluts (16 \u00e9l\u00e9ments)\">Cosplay Sluts<\/a>\n<a href=\"https:\/\/deepfucks.com\/fr\/tag\/cowgirl\/\" class=\"tag-cloud-link tag-link-1688 tag-link-position-27\" style=\"font-size: 14.662068965517pt;\" aria-label=\"Cowgirl (77 \u00e9l\u00e9ments)\">Cowgirl<\/a>\n<a href=\"https:\/\/deepfucks.com\/fr\/tag\/cum-in-mouth\/\" class=\"tag-cloud-link tag-link-693 tag-link-position-28\" style=\"font-size: 15.434482758621pt;\" aria-label=\"Cum in Mouth (92 \u00e9l\u00e9ments)\">Cum in Mouth<\/a>\n<a href=\"https:\/\/deepfucks.com\/fr\/tag\/cum-on-tits\/\" class=\"tag-cloud-link tag-link-866 tag-link-position-29\" style=\"font-size: 11.765517241379pt;\" aria-label=\"Cum on Tits (38 \u00e9l\u00e9ments)\">Cum on Tits<\/a>\n<a href=\"https:\/\/deepfucks.com\/fr\/tag\/cumshot\/\" class=\"tag-cloud-link tag-link-2127 tag-link-position-30\" style=\"font-size: 15.627586206897pt;\" aria-label=\"Cumshot (96 \u00e9l\u00e9ments)\">Cumshot<\/a>\n<a href=\"https:\/\/deepfucks.com\/fr\/tag\/cumshot-facial\/\" class=\"tag-cloud-link tag-link-1918 tag-link-position-31\" style=\"font-size: 12.537931034483pt;\" aria-label=\"Cumshot: Facial (46 \u00e9l\u00e9ments)\">Cumshot : Facial<\/a>\n<a href=\"https:\/\/deepfucks.com\/fr\/tag\/daisy-ridley\/\" class=\"tag-cloud-link tag-link-4090 tag-link-position-32\" style=\"font-size: 10.993103448276pt;\" aria-label=\"Daisy Ridley (31 \u00e9l\u00e9ments)\">Daisy Ridley<\/a>\n<a href=\"https:\/\/deepfucks.com\/fr\/tag\/deepthroat\/\" class=\"tag-cloud-link tag-link-1652 tag-link-position-33\" style=\"font-size: 10.027586206897pt;\" aria-label=\"Deepthroat (25 \u00e9l\u00e9ments)\">Deepthroat<\/a>\n<a href=\"https:\/\/deepfucks.com\/fr\/tag\/doggy\/\" class=\"tag-cloud-link tag-link-4769 tag-link-position-34\" style=\"font-size: 13.310344827586pt;\" aria-label=\"Doggy (55 \u00e9l\u00e9ments)\">Doggy<\/a>\n<a href=\"https:\/\/deepfucks.com\/fr\/tag\/doggystyle\/\" class=\"tag-cloud-link tag-link-1695 tag-link-position-35\" style=\"font-size: 9.7379310344828pt;\" aria-label=\"Levrette (23 \u00e9l\u00e9ments)\">Doggystyle<\/a>\n<a href=\"https:\/\/deepfucks.com\/fr\/tag\/elizabeth-olsen\/\" class=\"tag-cloud-link tag-link-4237 tag-link-position-36\" style=\"font-size: 10.8pt;\" aria-label=\"Elizabeth Olsen (30 \u00e9l\u00e9ments)\">Elizabeth Olsen<\/a>\n<a href=\"https:\/\/deepfucks.com\/fr\/tag\/elven\/\" class=\"tag-cloud-link tag-link-4707 tag-link-position-37\" style=\"font-size: 10.220689655172pt;\" aria-label=\"Elven (26 \u00e9l\u00e9ments)\">Elven<\/a>\n<a href=\"https:\/\/deepfucks.com\/fr\/tag\/emilia-clarke\/\" class=\"tag-cloud-link tag-link-4283 tag-link-position-38\" style=\"font-size: 8.5793103448276pt;\" aria-label=\"Emilia Clarke (17 \u00e9l\u00e9ments)\">Emilia Clarke<\/a>\n<a href=\"https:\/\/deepfucks.com\/fr\/tag\/emma-watson\/\" class=\"tag-cloud-link tag-link-4245 tag-link-position-39\" style=\"font-size: 8.7724137931034pt;\" aria-label=\"Emma Watson (18 \u00e9l\u00e9ments)\">Emma Watson<\/a>\n<a href=\"https:\/\/deepfucks.com\/fr\/tag\/enhanced\/\" class=\"tag-cloud-link tag-link-2590 tag-link-position-40\" style=\"font-size: 11.862068965517pt;\" aria-label=\"ENHANCED (39 \u00e9l\u00e9ments)\">AM\u00c9LIOR\u00c9<\/a>\n<a href=\"https:\/\/deepfucks.com\/fr\/tag\/facefuck\/\" class=\"tag-cloud-link tag-link-4645 tag-link-position-41\" style=\"font-size: 10.703448275862pt;\" aria-label=\"Facefuck (29 \u00e9l\u00e9ments)\">Facefuck<\/a>\n<a href=\"https:\/\/deepfucks.com\/fr\/tag\/visage\/\" class=\"tag-cloud-link tag-link-680 tag-link-position-42\" style=\"font-size: 17.075862068966pt;\" aria-label=\"Facial (136 \u00e9l\u00e9ments)\">Visage<\/a>\n<a href=\"https:\/\/deepfucks.com\/fr\/tag\/funny\/\" class=\"tag-cloud-link tag-link-4669 tag-link-position-43\" style=\"font-size: 10.027586206897pt;\" aria-label=\"Funny (25 \u00e9l\u00e9ments)\">Funny<\/a>\n<a href=\"https:\/\/deepfucks.com\/fr\/tag\/glasses\/\" class=\"tag-cloud-link tag-link-4639 tag-link-position-44\" style=\"font-size: 8.2896551724138pt;\" aria-label=\"Glasses (16 \u00e9l\u00e9ments)\">Glasses<\/a>\n<a href=\"https:\/\/deepfucks.com\/fr\/tag\/handjob\/\" class=\"tag-cloud-link tag-link-418 tag-link-position-45\" style=\"font-size: 13.020689655172pt;\" aria-label=\"Handjob (52 \u00e9l\u00e9ments)\">Handjob<\/a>\n<a href=\"https:\/\/deepfucks.com\/fr\/tag\/huge-tits\/\" class=\"tag-cloud-link tag-link-4683 tag-link-position-46\" style=\"font-size: 10.027586206897pt;\" aria-label=\"Huge Tits (25 \u00e9l\u00e9ments)\">Huge Tits<\/a>\n<a href=\"https:\/\/deepfucks.com\/fr\/tag\/irene\/\" class=\"tag-cloud-link tag-link-1769 tag-link-position-47\" style=\"font-size: 8pt;\" aria-label=\"Irene (15 \u00e9l\u00e9ments)\">Irene<\/a>\n<a href=\"https:\/\/deepfucks.com\/fr\/tag\/iu\/\" class=\"tag-cloud-link tag-link-1770 tag-link-position-48\" style=\"font-size: 9.7379310344828pt;\" aria-label=\"IU (23 \u00e9l\u00e9ments)\">UI<\/a>\n<a href=\"https:\/\/deepfucks.com\/fr\/tag\/jennie\/\" class=\"tag-cloud-link tag-link-1771 tag-link-position-49\" style=\"font-size: 10.703448275862pt;\" aria-label=\"Jennie (29 \u00e9l\u00e9ments)\">Jennie<\/a>\n<a href=\"https:\/\/deepfucks.com\/fr\/tag\/jessica-alba\/\" class=\"tag-cloud-link tag-link-4234 tag-link-position-50\" style=\"font-size: 8.2896551724138pt;\" aria-label=\"Jessica Alba (16 \u00e9l\u00e9ments)\">Jessica Alba<\/a>\n<a href=\"https:\/\/deepfucks.com\/fr\/tag\/julesjordan\/\" class=\"tag-cloud-link tag-link-2139 tag-link-position-51\" style=\"font-size: 8pt;\" aria-label=\"JulesJordan (15 \u00e9l\u00e9ments)\">JulesJordan<\/a>\n<a href=\"https:\/\/deepfucks.com\/fr\/tag\/k-pop\/\" class=\"tag-cloud-link tag-link-1105 tag-link-position-52\" style=\"font-size: 15.531034482759pt;\" aria-label=\"K-Pop (95 \u00e9l\u00e9ments)\">K-Pop<\/a>\n<a href=\"https:\/\/deepfucks.com\/fr\/tag\/kate-kuray\/\" class=\"tag-cloud-link tag-link-1931 tag-link-position-53\" style=\"font-size: 10.8pt;\" aria-label=\"Kate Kuray (30 \u00e9l\u00e9ments)\">Kate Kuray<\/a>\n<a href=\"https:\/\/deepfucks.com\/fr\/tag\/lacy-lennon\/\" class=\"tag-cloud-link tag-link-2147 tag-link-position-54\" style=\"font-size: 8.9655172413793pt;\" aria-label=\"Lacy Lennon (19 \u00e9l\u00e9ments)\">Lacy Lennon<\/a>\n<a href=\"https:\/\/deepfucks.com\/fr\/tag\/lana-rhoades-2\/\" class=\"tag-cloud-link tag-link-2195 tag-link-position-55\" style=\"font-size: 13.406896551724pt;\" aria-label=\"Lana Roades (57 \u00e9l\u00e9ments)\">Lana Roades<\/a>\n<a href=\"https:\/\/deepfucks.com\/fr\/tag\/latina\/\" class=\"tag-cloud-link tag-link-767 tag-link-position-56\" style=\"font-size: 10.993103448276pt;\" aria-label=\"Latina (31 \u00e9l\u00e9ments)\">Latina<\/a>\n<a href=\"https:\/\/deepfucks.com\/fr\/tag\/lifeselector\/\" class=\"tag-cloud-link tag-link-2151 tag-link-position-57\" style=\"font-size: 11.958620689655pt;\" aria-label=\"LifeSelector (40 \u00e9l\u00e9ments)\">LifeSelector<\/a>\n<a href=\"https:\/\/deepfucks.com\/fr\/tag\/lingerie\/\" class=\"tag-cloud-link tag-link-1568 tag-link-position-58\" style=\"font-size: 9.7379310344828pt;\" aria-label=\"Lingerie (23 \u00e9l\u00e9ments)\">Lingerie<\/a>\n<a href=\"https:\/\/deepfucks.com\/fr\/tag\/lisa\/\" class=\"tag-cloud-link tag-link-4064 tag-link-position-59\" style=\"font-size: 8.9655172413793pt;\" aria-label=\"Lisa (19 \u00e9l\u00e9ments)\">Lisa<\/a>\n<a href=\"https:\/\/deepfucks.com\/fr\/tag\/madison-beer\/\" class=\"tag-cloud-link tag-link-4247 tag-link-position-60\" style=\"font-size: 9.7379310344828pt;\" aria-label=\"Madison Beer (23 \u00e9l\u00e9ments)\">Bi\u00e8re Madison<\/a>\n<a href=\"https:\/\/deepfucks.com\/fr\/tag\/milf\/\" class=\"tag-cloud-link tag-link-1937 tag-link-position-61\" style=\"font-size: 9.351724137931pt;\" aria-label=\"MILF (21 \u00e9l\u00e9ments)\">MILF<\/a>\n<a href=\"https:\/\/deepfucks.com\/fr\/tag\/missionary\/\" class=\"tag-cloud-link tag-link-4768 tag-link-position-62\" style=\"font-size: 15.531034482759pt;\" aria-label=\"Missionary (95 \u00e9l\u00e9ments)\">Missionary<\/a>\n<a href=\"https:\/\/deepfucks.com\/fr\/tag\/mondomonger\/\" class=\"tag-cloud-link tag-link-1194 tag-link-position-63\" style=\"font-size: 17.751724137931pt;\" aria-label=\"Mondomonger (163 \u00e9l\u00e9ments)\">Mondomonger<\/a>\n<a href=\"https:\/\/deepfucks.com\/fr\/tag\/naked\/\" class=\"tag-cloud-link tag-link-4681 tag-link-position-64\" style=\"font-size: 11.089655172414pt;\" aria-label=\"Naked (32 \u00e9l\u00e9ments)\">Naked<\/a>\n<a href=\"https:\/\/deepfucks.com\/fr\/tag\/nyxxinyx\/\" class=\"tag-cloud-link tag-link-4822 tag-link-position-65\" style=\"font-size: 11.572413793103pt;\" aria-label=\"NyxxiNyx (36 \u00e9l\u00e9ments)\">NyxxiNyx<\/a>\n<a href=\"https:\/\/deepfucks.com\/fr\/tag\/on-her-knees\/\" class=\"tag-cloud-link tag-link-4648 tag-link-position-66\" style=\"font-size: 9.7379310344828pt;\" aria-label=\"On Her Knees (23 \u00e9l\u00e9ments)\">On Her Knees<\/a>\n<a href=\"https:\/\/deepfucks.com\/fr\/tag\/oscar-winning-sluts\/\" class=\"tag-cloud-link tag-link-1235 tag-link-position-67\" style=\"font-size: 8.7724137931034pt;\" aria-label=\"Salopes oscaris\u00e9es (18 \u00e9l\u00e9ments)\">Les salopes qui gagnent un Oscar<\/a>\n<a href=\"https:\/\/deepfucks.com\/fr\/tag\/penetration-cam\/\" class=\"tag-cloud-link tag-link-4715 tag-link-position-68\" style=\"font-size: 8.7724137931034pt;\" aria-label=\"Penetration Cam (18 \u00e9l\u00e9ments)\">Penetration Cam<\/a>\n<a href=\"https:\/\/deepfucks.com\/fr\/tag\/petite\/\" class=\"tag-cloud-link tag-link-739 tag-link-position-69\" style=\"font-size: 13.696551724138pt;\" aria-label=\"Petite (61 \u00e9l\u00e9ments)\">Petite<\/a>\n<a href=\"https:\/\/deepfucks.com\/fr\/tag\/pigtails\/\" class=\"tag-cloud-link tag-link-744 tag-link-position-70\" style=\"font-size: 11.089655172414pt;\" aria-label=\"Pigtails (32 \u00e9l\u00e9ments)\">Queues de cochon<\/a>\n<a href=\"https:\/\/deepfucks.com\/fr\/tag\/ponytail\/\" class=\"tag-cloud-link tag-link-822 tag-link-position-71\" style=\"font-size: 11.668965517241pt;\" aria-label=\"Ponytail (37 \u00e9l\u00e9ments)\">Queue de cheval<\/a>\n<a href=\"https:\/\/deepfucks.com\/fr\/tag\/pool\/\" class=\"tag-cloud-link tag-link-4650 tag-link-position-72\" style=\"font-size: 9.1586206896552pt;\" aria-label=\"Pool (20 \u00e9l\u00e9ments)\">Pool<\/a>\n<a href=\"https:\/\/deepfucks.com\/fr\/tag\/pov\/\" class=\"tag-cloud-link tag-link-419 tag-link-position-73\" style=\"font-size: 22pt;\" aria-label=\"POV (442 \u00e9l\u00e9ments)\">POV<\/a>\n<a href=\"https:\/\/deepfucks.com\/fr\/tag\/pussy\/\" class=\"tag-cloud-link tag-link-4698 tag-link-position-74\" style=\"font-size: 12.248275862069pt;\" aria-label=\"Pussy (43 \u00e9l\u00e9ments)\">Pussy<\/a>\n<a href=\"https:\/\/deepfucks.com\/fr\/tag\/red-hair\/\" class=\"tag-cloud-link tag-link-689 tag-link-position-75\" style=\"font-size: 13.889655172414pt;\" aria-label=\"Red Hair (63 \u00e9l\u00e9ments)\">Cheveux rouges<\/a>\n<a href=\"https:\/\/deepfucks.com\/fr\/tag\/reverse-cowgirl\/\" class=\"tag-cloud-link tag-link-1822 tag-link-position-76\" style=\"font-size: 13.213793103448pt;\" aria-label=\"Reverse Cowgirl (54 \u00e9l\u00e9ments)\">Cowgirl invers\u00e9e<\/a>\n<a href=\"https:\/\/deepfucks.com\/fr\/tag\/scarlett-johansson\/\" class=\"tag-cloud-link tag-link-4287 tag-link-position-77\" style=\"font-size: 8.5793103448276pt;\" aria-label=\"Scarlett Johansson (17 \u00e9l\u00e9ments)\">Scarlett Johansson<\/a>\n<a href=\"https:\/\/deepfucks.com\/fr\/tag\/schoolgirl\/\" class=\"tag-cloud-link tag-link-2176 tag-link-position-78\" style=\"font-size: 11.186206896552pt;\" aria-label=\"Schoolgirl (33 \u00e9l\u00e9ments)\">Ecoli\u00e8re<\/a>\n<a href=\"https:\/\/deepfucks.com\/fr\/tag\/short-hair\/\" class=\"tag-cloud-link tag-link-2089 tag-link-position-79\" style=\"font-size: 11.668965517241pt;\" aria-label=\"Short Hair (37 \u00e9l\u00e9ments)\">Cheveux courts<\/a>\n<a href=\"https:\/\/deepfucks.com\/fr\/tag\/sidecam\/\" class=\"tag-cloud-link tag-link-4660 tag-link-position-80\" style=\"font-size: 10.027586206897pt;\" aria-label=\"Sidecam (25 \u00e9l\u00e9ments)\">Sidecam<\/a>\n<a href=\"https:\/\/deepfucks.com\/fr\/tag\/skinny\/\" class=\"tag-cloud-link tag-link-1087 tag-link-position-81\" style=\"font-size: 17.944827586207pt;\" aria-label=\"Skinny (169 \u00e9l\u00e9ments)\">Skinny<\/a>\n<a href=\"https:\/\/deepfucks.com\/fr\/tag\/slut-vs-beast\/\" class=\"tag-cloud-link tag-link-4731 tag-link-position-82\" style=\"font-size: 8.5793103448276pt;\" aria-label=\"Slut vs Beast (17 \u00e9l\u00e9ments)\">Slut vs Beast<\/a>\n<a href=\"https:\/\/deepfucks.com\/fr\/tag\/small-tits\/\" class=\"tag-cloud-link tag-link-1659 tag-link-position-83\" style=\"font-size: 15.627586206897pt;\" aria-label=\"Small Tits (97 \u00e9l\u00e9ments)\">Petits seins<\/a>\n<a href=\"https:\/\/deepfucks.com\/fr\/tag\/smiling\/\" class=\"tag-cloud-link tag-link-4641 tag-link-position-84\" style=\"font-size: 8.5793103448276pt;\" aria-label=\"Smiling (17 \u00e9l\u00e9ments)\">Smiling<\/a>\n<a href=\"https:\/\/deepfucks.com\/fr\/tag\/solo\/\" class=\"tag-cloud-link tag-link-2250 tag-link-position-85\" style=\"font-size: 13.889655172414pt;\" aria-label=\"solo (63 \u00e9l\u00e9ments)\">en solo<\/a>\n<a href=\"https:\/\/deepfucks.com\/fr\/tag\/standing-doggy\/\" class=\"tag-cloud-link tag-link-4760 tag-link-position-86\" style=\"font-size: 10.703448275862pt;\" aria-label=\"Standing Doggy (29 \u00e9l\u00e9ments)\">Chien debout<\/a>\n<a href=\"https:\/\/deepfucks.com\/fr\/tag\/sybil\/\" class=\"tag-cloud-link tag-link-2152 tag-link-position-87\" style=\"font-size: 14.565517241379pt;\" aria-label=\"Sybil (74 \u00e9l\u00e9ments)\">Sybil<\/a>\n<a href=\"https:\/\/deepfucks.com\/fr\/tag\/tan-lines\/\" class=\"tag-cloud-link tag-link-4693 tag-link-position-88\" style=\"font-size: 8.5793103448276pt;\" aria-label=\"Tan Lines (17 \u00e9l\u00e9ments)\">Tan Lines<\/a>\n<a href=\"https:\/\/deepfucks.com\/fr\/tag\/tan-skin\/\" class=\"tag-cloud-link tag-link-1590 tag-link-position-89\" style=\"font-size: 14.565517241379pt;\" aria-label=\"Tan Skin (74 \u00e9l\u00e9ments)\">Peau bronz\u00e9e<\/a>\n<a href=\"https:\/\/deepfucks.com\/fr\/tag\/teen\/\" class=\"tag-cloud-link tag-link-743 tag-link-position-90\" style=\"font-size: 20.648275862069pt;\" aria-label=\"Teen (326 \u00e9l\u00e9ments)\">Adolescents<\/a>\n<a href=\"https:\/\/deepfucks.com\/fr\/tag\/the-avengers\/\" class=\"tag-cloud-link tag-link-1916 tag-link-position-91\" style=\"font-size: 8.7724137931034pt;\" aria-label=\"The Avengers (18 \u00e9l\u00e9ments)\">The Avengers<\/a>\n<a href=\"https:\/\/deepfucks.com\/fr\/tag\/thick\/\" class=\"tag-cloud-link tag-link-4716 tag-link-position-92\" style=\"font-size: 8.5793103448276pt;\" aria-label=\"Thick (17 \u00e9l\u00e9ments)\">Thick<\/a>\n<a href=\"https:\/\/deepfucks.com\/fr\/tag\/tits-out\/\" class=\"tag-cloud-link tag-link-4654 tag-link-position-93\" style=\"font-size: 14.372413793103pt;\" aria-label=\"Tits Out (72 \u00e9l\u00e9ments)\">Tits Out<\/a>\n<a href=\"https:\/\/deepfucks.com\/fr\/tag\/tit-job\/\" class=\"tag-cloud-link tag-link-857 tag-link-position-94\" style=\"font-size: 8.7724137931034pt;\" aria-label=\"Baiser de nichon (18 \u00e9l\u00e9ments)\">Baise des seins<\/a>\n<a href=\"https:\/\/deepfucks.com\/fr\/tag\/toasty\/\" class=\"tag-cloud-link tag-link-1570 tag-link-position-95\" style=\"font-size: 11.668965517241pt;\" aria-label=\"Toast\u00e9 (37 \u00e9l\u00e9ments)\">Toasty<\/a>\n<a href=\"https:\/\/deepfucks.com\/fr\/tag\/uma-jolie\/\" class=\"tag-cloud-link tag-link-2204 tag-link-position-96\" style=\"font-size: 11.28275862069pt;\" aria-label=\"Uma Jolie (34 \u00e9l\u00e9ments)\">Uma Jolie<\/a>\n<a href=\"https:\/\/deepfucks.com\/fr\/tag\/vanna-bardot\/\" class=\"tag-cloud-link tag-link-3689 tag-link-position-97\" style=\"font-size: 8.9655172413793pt;\" aria-label=\"Vanna Bardot (19 \u00e9l\u00e9ments)\">Vanna Bardot<\/a>\n<a href=\"https:\/\/deepfucks.com\/fr\/tag\/vixen\/\" class=\"tag-cloud-link tag-link-2175 tag-link-position-98\" style=\"font-size: 9.1586206896552pt;\" aria-label=\"Vixen (20 \u00e9l\u00e9ments)\">Vixen<\/a>\n<a href=\"https:\/\/deepfucks.com\/fr\/tag\/wet-skin\/\" class=\"tag-cloud-link tag-link-4726 tag-link-position-99\" style=\"font-size: 8.5793103448276pt;\" aria-label=\"Wet Skin (17 \u00e9l\u00e9ments)\">Wet Skin<\/a>\n<a href=\"https:\/\/deepfucks.com\/fr\/tag\/young\/\" class=\"tag-cloud-link tag-link-1693 tag-link-position-100\" style=\"font-size: 9.1586206896552pt;\" aria-label=\"Young (20 \u00e9l\u00e9ments)\">Jeune<\/a><\/p>","protected":false},"excerpt":{"rendered":"","protected":false},"author":1,"featured_media":29830,"parent":0,"menu_order":0,"comment_status":"closed","ping_status":"open","template":"","meta":{"_kad_blocks_custom_css":"","_kad_blocks_head_custom_js":"","_kad_blocks_body_custom_js":"","_kad_blocks_footer_custom_js":"","footnotes":""},"class_list":["post-2326","page","type-page","status-publish","has-post-thumbnail","hentry"],"acf":[],"taxonomy_info":[],"featured_image_src_large":["https:\/\/deepfucks.com\/media\/logos\/deepfake-pornstars.webp",640,360,false],"author_info":{"display_name":"DeepFucks.com","author_link":"https:\/\/deepfucks.com\/fr\/author\/deepfucks\/"},"comment_info":0,"_links":{"self":[{"href":"https:\/\/deepfucks.com\/fr\/wp-json\/wp\/v2\/pages\/2326","targetHints":{"allow":["GET"]}}],"collection":[{"href":"https:\/\/deepfucks.com\/fr\/wp-json\/wp\/v2\/pages"}],"about":[{"href":"https:\/\/deepfucks.com\/fr\/wp-json\/wp\/v2\/types\/page"}],"author":[{"embeddable":true,"href":"https:\/\/deepfucks.com\/fr\/wp-json\/wp\/v2\/users\/1"}],"replies":[{"embeddable":true,"href":"https:\/\/deepfucks.com\/fr\/wp-json\/wp\/v2\/comments?post=2326"}],"version-history":[{"count":0,"href":"https:\/\/deepfucks.com\/fr\/wp-json\/wp\/v2\/pages\/2326\/revisions"}],"wp:featuredmedia":[{"embeddable":true,"href":"https:\/\/deepfucks.com\/fr\/wp-json\/wp\/v2\/media\/29830"}],"wp:attachment":[{"href":"https:\/\/deepfucks.com\/fr\/wp-json\/wp\/v2\/media?parent=2326"}],"curies":[{"name":"wp","href":"https:\/\/api.w.org\/{rel}","templated":true}]}}