{"id":429,"date":"2021-09-03T14:01:39","date_gmt":"2021-09-03T22:01:39","guid":{"rendered":"https:\/\/deepfucks.com\/?page_id=429"},"modified":"2023-04-03T00:46:04","modified_gmt":"2023-04-03T07:46:04","slug":"contact-us","status":"publish","type":"page","link":"https:\/\/deepfucks.com\/fr\/contact-us\/","title":{"rendered":"Nous contacter"},"content":{"rendered":"<style>.kadence-column_4338b9-1e > .kt-inside-inner-col{padding-top:14px;padding-right:14px;padding-bottom:14px;padding-left:14px;}.kadence-column_4338b9-1e > .kt-inside-inner-col,.kadence-column_4338b9-1e > .kt-inside-inner-col:before{border-top-left-radius:14px;border-top-right-radius:14px;border-bottom-right-radius:14px;border-bottom-left-radius:14px;}.kadence-column_4338b9-1e > .kt-inside-inner-col{column-gap:var(--global-kb-gap-sm, 1rem);}.kadence-column_4338b9-1e > .kt-inside-inner-col{flex-direction:column;}.kadence-column_4338b9-1e > .kt-inside-inner-col > .aligncenter{width:100%;}.kadence-column_4338b9-1e > .kt-inside-inner-col{background-color:rgba(94, 94, 94, 0.37);}.kadence-column_4338b9-1e > .kt-inside-inner-col:before{opacity:0.3;}.kadence-column_4338b9-1e{position:relative;}@media all and (max-width: 1024px){.kadence-column_4338b9-1e > .kt-inside-inner-col{flex-direction:column;justify-content:center;}}@media all and (max-width: 767px){.kadence-column_4338b9-1e > .kt-inside-inner-col{flex-direction:column;justify-content:center;}}<\/style>\n<div class=\"wp-block-kadence-column kadence-column_4338b9-1e inner-column-1\"><div class=\"kt-inside-inner-col\"><style>.wp-block-kadence-advancedheading.kt-adv-heading_4f963c-0f, .wp-block-kadence-advancedheading.kt-adv-heading_4f963c-0f[data-kb-block=\"kb-adv-heading_4f963c-0f\"]{padding-top:10px;padding-right:10px;padding-bottom:10px;padding-left:10px;text-align:center;font-size:16px;font-style:normal;}.wp-block-kadence-advancedheading.kt-adv-heading_4f963c-0f mark.kt-highlight, .wp-block-kadence-advancedheading.kt-adv-heading_4f963c-0f[data-kb-block=\"kb-adv-heading_4f963c-0f\"] mark.kt-highlight{font-style:normal;color:#ff007d;-webkit-box-decoration-break:clone;box-decoration-break:clone;padding-top:0px;padding-right:0px;padding-bottom:0px;padding-left:0px;}<\/style>\n<p class=\"kt-adv-heading_4f963c-0f wp-block-kadence-advancedheading\" data-kb-block=\"kb-adv-heading_4f963c-0f\">Si vous souhaitez nous contacter, n'h\u00e9sitez pas \u00e0 nous envoyer un courriel, \u00e0 nous joindre sur les r\u00e9seaux sociaux ou \u00e0 laisser un message ci-dessous.<\/p>\n\n\n\n<hr class=\"wp-block-separator has-text-color has-alpha-channel-opacity has-background is-style-default\" style=\"background-color:#979797;color:#979797\"\/>\n\n\n<style>.kb-row-layout-id_0012dd-96 > .kt-row-column-wrap{align-content:start;}:where(.kb-row-layout-id_0012dd-96 > .kt-row-column-wrap) > .wp-block-kadence-column{justify-content:start;}.kb-row-layout-id_0012dd-96 > .kt-row-column-wrap{column-gap:var(--global-kb-gap-none, 0rem );row-gap:var(--global-kb-gap-md, 2rem);max-width:1100px;margin-left:auto;margin-right:auto;padding-top:49px;padding-bottom:50px;grid-template-columns:repeat(2, minmax(0, 1fr));}.kb-row-layout-id_0012dd-96 > .kt-row-layout-overlay{opacity:0.30;}@media all and (max-width: 1024px){.kb-row-layout-id_0012dd-96 > .kt-row-column-wrap{grid-template-columns:repeat(2, minmax(0, 1fr));}}@media all and (max-width: 767px){.kb-row-layout-id_0012dd-96 > .kt-row-column-wrap{grid-template-columns:minmax(0, 1fr);}}<\/style><div class=\"kb-row-layout-wrap kb-row-layout-id_0012dd-96 alignnone wp-block-kadence-rowlayout\"><div class=\"kt-row-column-wrap kt-has-2-columns kt-row-layout-equal kt-tab-layout-inherit kt-mobile-layout-row kt-row-valign-top\">\n<style>.kadence-column_bba2a3-a5 > .kt-inside-inner-col,.kadence-column_bba2a3-a5 > .kt-inside-inner-col:before{border-top-left-radius:0px;border-top-right-radius:0px;border-bottom-right-radius:0px;border-bottom-left-radius:0px;}.kadence-column_bba2a3-a5 > .kt-inside-inner-col{column-gap:var(--global-kb-gap-sm, 1rem);}.kadence-column_bba2a3-a5 > .kt-inside-inner-col{flex-direction:column;}.kadence-column_bba2a3-a5 > .kt-inside-inner-col > .aligncenter{width:100%;}.kadence-column_bba2a3-a5 > .kt-inside-inner-col:before{opacity:0.3;}.kadence-column_bba2a3-a5{position:relative;}@media all and (max-width: 1024px){.kadence-column_bba2a3-a5 > .kt-inside-inner-col{flex-direction:column;justify-content:center;}}@media all and (max-width: 767px){.kadence-column_bba2a3-a5 > .kt-inside-inner-col{flex-direction:column;justify-content:center;}}<\/style>\n<div class=\"wp-block-kadence-column kadence-column_bba2a3-a5 inner-column-1\"><div class=\"kt-inside-inner-col\"><style>.wp-block-kadence-icon.kt-svg-icons_ceae5d-e9{justify-content:center;}<\/style>\n<div class=\"wp-block-kadence-icon kt-svg-icons kt-svg-icons_ceae5d-e9 alignnone\"><style>.kt-svg-item-_d371bc-ae .kb-svg-icon-wrap, .kt-svg-style-stacked.kt-svg-item-_d371bc-ae .kb-svg-icon-wrap{color:#eee;font-size:40px;background:#ff007d;border-color:#eee;border-width:2px;border-radius:25%;padding-top:20px;padding-right:20px;padding-bottom:20px;padding-left:20px;}.kt-svg-item-_d371bc-ae:hover .kb-svg-icon-wrap{background:#ffffff;border-color:#ff007d;}.kt-svg-item-_d371bc-ae:hover .kb-svg-icon-wrap{color:#ff007d;}<\/style>\n<div class=\"kt-svg-style-stacked kt-svg-icon-wrap kt-svg-item-_d371bc-ae\"><a href=\"mailto:admin@deepfucks.com\" class=\"kt-svg-icon-link\" target=\"_blank\" rel=\"noopener noreferrer\" aria-label=\"Nous envoyer un courriel\"><span class=\"kb-svg-icon-wrap kb-svg-icon-fe_mail\"><svg viewbox=\"0 0 24 24\"  fill=\"none\" stroke=\"currentColor\" stroke-width=\"2\" stroke-linecap=\"round\" stroke-linejoin=\"round\" xmlns=\"http:\/\/www.w3.org\/2000\/svg\"  role=\"img\"><title>Nous envoyer un courriel<\/title><path d=\"M4 4h16c1.1 0 2 .9 2 2v12c0 1.1-.9 2-2 2H4c-1.1 0-2-.9-2-2V6c0-1.1.9-2 2-2z\"\/><polyline points=\"22,6 12,13 2,6\"\/><\/svg><\/span><\/a><\/div>\n<\/div>\n\n\n<style>.wp-block-kadence-advancedheading.kt-adv-heading_08649c-89, .wp-block-kadence-advancedheading.kt-adv-heading_08649c-89[data-kb-block=\"kb-adv-heading_08649c-89\"]{margin-top:10px;margin-bottom:10px;text-align:center;font-size:16px;line-height:24px;font-style:normal;color:#eee;}.wp-block-kadence-advancedheading.kt-adv-heading_08649c-89 mark.kt-highlight, .wp-block-kadence-advancedheading.kt-adv-heading_08649c-89[data-kb-block=\"kb-adv-heading_08649c-89\"] mark.kt-highlight{font-style:normal;color:#ff007d;-webkit-box-decoration-break:clone;box-decoration-break:clone;padding-top:0px;padding-right:0px;padding-bottom:0px;padding-left:0px;}.wp-block-kadence-advancedheading.kt-adv-heading_08649c-89[data-kb-block=\"kb-adv-heading_08649c-89\"] a:hover, .kt-adv-heading-link_08649c-89:hover, .kt-adv-heading-link_08649c-89:hover .kt-adv-heading_08649c-89[data-kb-block=\"kb-adv-heading_08649c-89\"]{color:#ff007d;}.wp-block-kadence-advancedheading.kt-adv-heading_08649c-89[data-kb-block=\"kb-adv-heading_08649c-89\"] a, a.kb-advanced-heading-link.kt-adv-heading-link_08649c-89{text-decoration:none;}.wp-block-kadence-advancedheading.kt-adv-heading_08649c-89[data-kb-block=\"kb-adv-heading_08649c-89\"] a:hover, a.kb-advanced-heading-link.kt-adv-heading-link_08649c-89:hover{text-decoration:underline;}<\/style>\n<a href=\"mailto:admin@deepfucks.com\" class=\"kb-advanced-heading-link kt-adv-heading-link_08649c-89 hls-hover_underline\" target=\"_blank\" rel=\"noopener noreferrer\"><h5 class=\"kt-adv-heading_08649c-89 wp-block-kadence-advancedheading\" data-kb-block=\"kb-adv-heading_08649c-89\">admin@deepfucks.com<\/h5><\/a>\n<\/div><\/div>\n\n\n<style>.kadence-column_a9abfb-5e > .kt-inside-inner-col,.kadence-column_a9abfb-5e > .kt-inside-inner-col:before{border-top-left-radius:0px;border-top-right-radius:0px;border-bottom-right-radius:0px;border-bottom-left-radius:0px;}.kadence-column_a9abfb-5e > .kt-inside-inner-col{column-gap:var(--global-kb-gap-sm, 1rem);}.kadence-column_a9abfb-5e > .kt-inside-inner-col{flex-direction:column;}.kadence-column_a9abfb-5e > .kt-inside-inner-col > .aligncenter{width:100%;}.kadence-column_a9abfb-5e > .kt-inside-inner-col:before{opacity:0.3;}.kadence-column_a9abfb-5e{position:relative;}@media all and (max-width: 1024px){.kadence-column_a9abfb-5e > .kt-inside-inner-col{flex-direction:column;justify-content:center;}}@media all and (max-width: 767px){.kadence-column_a9abfb-5e > .kt-inside-inner-col{flex-direction:column;justify-content:center;}}<\/style>\n<div class=\"wp-block-kadence-column kadence-column_a9abfb-5e inner-column-2\"><div class=\"kt-inside-inner-col\"><style>.wp-block-kadence-icon.kt-svg-icons_f75d6a-14{justify-content:center;}<\/style>\n<div class=\"wp-block-kadence-icon kt-svg-icons kt-svg-icons_f75d6a-14 alignnone\"><style>.kt-svg-item-_4a7a84-70 .kb-svg-icon-wrap, .kt-svg-style-stacked.kt-svg-item-_4a7a84-70 .kb-svg-icon-wrap{color:#ffffff;font-size:40px;background:transparent;border-color:#eee;border-width:2px;border-radius:25%;padding-top:20px;padding-right:20px;padding-bottom:20px;padding-left:20px;}.kt-svg-item-_4a7a84-70:hover .kb-svg-icon-wrap{border-color:#ff007d;}.kt-svg-item-_4a7a84-70:hover .kb-svg-icon-wrap{color:#ff007d;}<\/style>\n<div class=\"kt-svg-style-stacked kt-svg-icon-wrap kt-svg-item-_4a7a84-70\"><span class=\"kb-svg-icon-wrap kb-svg-icon-fe_mapPin\"><svg viewbox=\"0 0 24 24\"  fill=\"none\" stroke=\"currentColor\" stroke-width=\"2\" stroke-linecap=\"round\" stroke-linejoin=\"round\" xmlns=\"http:\/\/www.w3.org\/2000\/svg\"  aria-hidden=\"true\"><path d=\"M21 10c0 7-9 13-9 13s-9-6-9-13a9 9 0 0 1 18 0z\"\/><circle cx=\"12\" cy=\"10\" r=\"3\"\/><\/svg><\/span><\/div>\n<\/div>\n\n\n<style>.wp-block-kadence-advancedheading.kt-adv-heading_70dc29-00, .wp-block-kadence-advancedheading.kt-adv-heading_70dc29-00[data-kb-block=\"kb-adv-heading_70dc29-00\"]{margin-top:10px;margin-bottom:10px;text-align:center;font-size:16px;line-height:24px;font-style:normal;color:#eee;}.wp-block-kadence-advancedheading.kt-adv-heading_70dc29-00 mark.kt-highlight, .wp-block-kadence-advancedheading.kt-adv-heading_70dc29-00[data-kb-block=\"kb-adv-heading_70dc29-00\"] mark.kt-highlight{font-size:8px;font-style:normal;color:#ff007d;-webkit-box-decoration-break:clone;box-decoration-break:clone;padding-top:0px;padding-right:0px;padding-bottom:0px;padding-left:0px;}<\/style>\n<h5 class=\"kt-adv-heading_70dc29-00 wp-block-kadence-advancedheading\" data-kb-block=\"kb-adv-heading_70dc29-00\">West Hollywood, CA 90069 <\/h5>\n<\/div><\/div>\n\n<\/div><\/div>\n\n\n<ul class=\"wp-block-social-links has-normal-icon-size has-visible-labels is-style-default is-content-justification-space-between is-layout-flex wp-container-core-social-links-is-layout-3d213aab wp-block-social-links-is-layout-flex\"><li class=\"wp-social-link wp-social-link-twitter  wp-block-social-link\"><a rel=\"noopener nofollow\" target=\"_blank\" href=\"https:\/\/twitter.com\/deepfails_com\/\" class=\"wp-block-social-link-anchor\"><svg width=\"24\" height=\"24\" viewbox=\"0 0 24 24\" version=\"1.1\" xmlns=\"http:\/\/www.w3.org\/2000\/svg\" aria-hidden=\"true\" focusable=\"false\"><path d=\"M22.23,5.924c-0.736,0.326-1.527,0.547-2.357,0.646c0.847-0.508,1.498-1.312,1.804-2.27 c-0.793,0.47-1.671,0.812-2.606,0.996C18.324,4.498,17.257,4,16.077,4c-2.266,0-4.103,1.837-4.103,4.103 c0,0.322,0.036,0.635,0.106,0.935C8.67,8.867,5.647,7.234,3.623,4.751C3.27,5.357,3.067,6.062,3.067,6.814 c0,1.424,0.724,2.679,1.825,3.415c-0.673-0.021-1.305-0.206-1.859-0.513c0,0.017,0,0.034,0,0.052c0,1.988,1.414,3.647,3.292,4.023 c-0.344,0.094-0.707,0.144-1.081,0.144c-0.264,0-0.521-0.026-0.772-0.074c0.522,1.63,2.038,2.816,3.833,2.85 c-1.404,1.1-3.174,1.756-5.096,1.756c-0.331,0-0.658-0.019-0.979-0.057c1.816,1.164,3.973,1.843,6.29,1.843 c7.547,0,11.675-6.252,11.675-11.675c0-0.178-0.004-0.355-0.012-0.531C20.985,7.47,21.68,6.747,22.23,5.924z\"><\/path><\/svg><span class=\"wp-block-social-link-label\">Twitter<\/span><\/a><\/li>\n\n<li class=\"wp-social-link wp-social-link-facebook  wp-block-social-link\"><a rel=\"noopener nofollow\" target=\"_blank\" href=\"https:\/\/www.facebook.com\/deepfails\" class=\"wp-block-social-link-anchor\"><svg width=\"24\" height=\"24\" viewbox=\"0 0 24 24\" version=\"1.1\" xmlns=\"http:\/\/www.w3.org\/2000\/svg\" aria-hidden=\"true\" focusable=\"false\"><path d=\"M12 2C6.5 2 2 6.5 2 12c0 5 3.7 9.1 8.4 9.9v-7H7.9V12h2.5V9.8c0-2.5 1.5-3.9 3.8-3.9 1.1 0 2.2.2 2.2.2v2.5h-1.3c-1.2 0-1.6.8-1.6 1.6V12h2.8l-.4 2.9h-2.3v7C18.3 21.1 22 17 22 12c0-5.5-4.5-10-10-10z\"><\/path><\/svg><span class=\"wp-block-social-link-label\">Facebook<\/span><\/a><\/li>\n\n<li class=\"wp-social-link wp-social-link-instagram  wp-block-social-link\"><a rel=\"noopener nofollow\" target=\"_blank\" href=\"https:\/\/www.instagram.com\/deepfucks.com_\/\" class=\"wp-block-social-link-anchor\"><svg width=\"24\" height=\"24\" viewbox=\"0 0 24 24\" version=\"1.1\" xmlns=\"http:\/\/www.w3.org\/2000\/svg\" aria-hidden=\"true\" focusable=\"false\"><path d=\"M12,4.622c2.403,0,2.688,0.009,3.637,0.052c0.877,0.04,1.354,0.187,1.671,0.31c0.42,0.163,0.72,0.358,1.035,0.673 c0.315,0.315,0.51,0.615,0.673,1.035c0.123,0.317,0.27,0.794,0.31,1.671c0.043,0.949,0.052,1.234,0.052,3.637 s-0.009,2.688-0.052,3.637c-0.04,0.877-0.187,1.354-0.31,1.671c-0.163,0.42-0.358,0.72-0.673,1.035 c-0.315,0.315-0.615,0.51-1.035,0.673c-0.317,0.123-0.794,0.27-1.671,0.31c-0.949,0.043-1.233,0.052-3.637,0.052 s-2.688-0.009-3.637-0.052c-0.877-0.04-1.354-0.187-1.671-0.31c-0.42-0.163-0.72-0.358-1.035-0.673 c-0.315-0.315-0.51-0.615-0.673-1.035c-0.123-0.317-0.27-0.794-0.31-1.671C4.631,14.688,4.622,14.403,4.622,12 s0.009-2.688,0.052-3.637c0.04-0.877,0.187-1.354,0.31-1.671c0.163-0.42,0.358-0.72,0.673-1.035 c0.315-0.315,0.615-0.51,1.035-0.673c0.317-0.123,0.794-0.27,1.671-0.31C9.312,4.631,9.597,4.622,12,4.622 M12,3 C9.556,3,9.249,3.01,8.289,3.054C7.331,3.098,6.677,3.25,6.105,3.472C5.513,3.702,5.011,4.01,4.511,4.511 c-0.5,0.5-0.808,1.002-1.038,1.594C3.25,6.677,3.098,7.331,3.054,8.289C3.01,9.249,3,9.556,3,12c0,2.444,0.01,2.751,0.054,3.711 c0.044,0.958,0.196,1.612,0.418,2.185c0.23,0.592,0.538,1.094,1.038,1.594c0.5,0.5,1.002,0.808,1.594,1.038 c0.572,0.222,1.227,0.375,2.185,0.418C9.249,20.99,9.556,21,12,21s2.751-0.01,3.711-0.054c0.958-0.044,1.612-0.196,2.185-0.418 c0.592-0.23,1.094-0.538,1.594-1.038c0.5-0.5,0.808-1.002,1.038-1.594c0.222-0.572,0.375-1.227,0.418-2.185 C20.99,14.751,21,14.444,21,12s-0.01-2.751-0.054-3.711c-0.044-0.958-0.196-1.612-0.418-2.185c-0.23-0.592-0.538-1.094-1.038-1.594 c-0.5-0.5-1.002-0.808-1.594-1.038c-0.572-0.222-1.227-0.375-2.185-0.418C14.751,3.01,14.444,3,12,3L12,3z M12,7.378 c-2.552,0-4.622,2.069-4.622,4.622S9.448,16.622,12,16.622s4.622-2.069,4.622-4.622S14.552,7.378,12,7.378z M12,15 c-1.657,0-3-1.343-3-3s1.343-3,3-3s3,1.343,3,3S13.657,15,12,15z M16.804,6.116c-0.596,0-1.08,0.484-1.08,1.08 s0.484,1.08,1.08,1.08c0.596,0,1.08-0.484,1.08-1.08S17.401,6.116,16.804,6.116z\"><\/path><\/svg><span class=\"wp-block-social-link-label\">Instagram<\/span><\/a><\/li>\n\n<li class=\"wp-social-link wp-social-link-chain  wp-block-social-link\"><a rel=\"noopener nofollow\" target=\"_blank\" href=\"https:\/\/discord.com\/users\/718872978502451221\" class=\"wp-block-social-link-anchor\"><svg width=\"24\" height=\"24\" viewbox=\"0 0 24 24\" version=\"1.1\" xmlns=\"http:\/\/www.w3.org\/2000\/svg\" aria-hidden=\"true\" focusable=\"false\"><path d=\"M15.6,7.2H14v1.5h1.6c2,0,3.7,1.7,3.7,3.7s-1.7,3.7-3.7,3.7H14v1.5h1.6c2.8,0,5.2-2.3,5.2-5.2,0-2.9-2.3-5.2-5.2-5.2zM4.7,12.4c0-2,1.7-3.7,3.7-3.7H10V7.2H8.4c-2.9,0-5.2,2.3-5.2,5.2,0,2.9,2.3,5.2,5.2,5.2H10v-1.5H8.4c-2,0-3.7-1.7-3.7-3.7zm4.6.9h5.3v-1.5H9.3v1.5z\"><\/path><\/svg><span class=\"wp-block-social-link-label\">Discord<\/span><\/a><\/li><\/ul>\n\n\n\n<hr class=\"wp-block-separator has-text-color has-alpha-channel-opacity has-background is-style-default\" style=\"background-color:#979797;color:#979797\"\/>\n\n\n<style>.kb-form input.kadence-blocks-field.verify{opacity:0.0;position:absolute;top:0.0;left:0.0;width:0.0;height:0.0;z-index:-1;}<\/style>\n<div class=\"wp-block-kadence-form kadence-form-_396b80-b4 kb-form-wrap\"><form class=\"kb-form\" action=\"\" method=\"post\" data-trp-original-action=\"\"><div class=\"kadence-blocks-form-field kb-field-desk-width-100 kb-input-size-standard\"><label for=\"kb_field__396b80-b4_0\">Nom<\/label><input name=\"kb_field_0\" id=\"kb_field__396b80-b4_0\" data-label=\"Name\" type=\"text\" placeholder=\"\" value=\"\" data-type=\"text\" class=\"kb-field kb-text-style-field kb-text-field kb-field-0\"\/><\/div><div class=\"kadence-blocks-form-field kb-form-field-1 kb-field-desk-width-100 kb-input-size-standard\"><label for=\"kb_field__396b80-b4_1\">Courriel<\/label><input name=\"kb_field_1\" id=\"kb_field__396b80-b4_1\" data-label=\"Email\" type=\"email\" placeholder=\"\" value=\"\" data-type=\"email\" class=\"kb-field kb-text-style-field kb-email-field kb-field-1\"\/><\/div><div class=\"kadence-blocks-form-field kb-form-field-2 kb-field-desk-width-100 kb-input-size-standard\"><label for=\"kb_field__396b80-b4_2\">Message<span class=\"required\">*<\/span><\/label><textarea name=\"kb_field_2\" id=\"kb_field__396b80-b4_2\" data-label=\"Message\" type=\"textarea\" placeholder=\"\" data-type=\"textarea\" class=\"kb-field kb-text-style-field kb-textarea-field kb-field-2\" rows=\"8\" data-required=\"yes\"><\/textarea><\/div><input type=\"hidden\" name=\"_kb_form_id\" value=\"_396b80-b4\"\/><input type=\"hidden\" name=\"_kb_form_post_id\" value=\"429\"\/><input type=\"hidden\" name=\"action\" value=\"kb_process_ajax_submit\"\/><label class=\"kadence-verify-label\">Courriel<input class=\"kadence-blocks-field verify\" type=\"text\" name=\"_kb_verify_email\" autocomplete=\"new-password\" aria-hidden=\"true\" placeholder=\"Courriel\" tabindex=\"-1\" data-1p-ignore=\"true\" data-lpignore=\"true\" \/><\/label><div class=\"kadence-blocks-form-field kb-submit-field kb-field-desk-width-100\"><button class=\"kb-forms-submit button kb-button-size-standard kb-button-width-auto\">Soumettre<\/button><\/div><input type=\"hidden\" name=\"trp-form-language\" value=\"fr\"\/><\/form><\/div>\n<noscript><div class=\"kadence-blocks-form-message kadence-blocks-form-warning\">Veuillez activer JavaScript dans votre navigateur pour envoyer le formulaire.<\/div><style>.kadence-form-_396b80-b4 .kadence-blocks-form-field.kb-submit-field { display: none; }<\/style><\/noscript><\/div><\/div>","protected":false},"excerpt":{"rendered":"<p>Si vous souhaitez nous contacter, n'h\u00e9sitez pas \u00e0 nous envoyer un courriel, \u00e0 nous joindre sur les r\u00e9seaux sociaux ou \u00e0 laisser un message ci-dessous ! admin@deepfucks.com West Hollywood, CA 90069<\/p>","protected":false},"author":1,"featured_media":29830,"parent":0,"menu_order":0,"comment_status":"closed","ping_status":"open","template":"","meta":{"_kad_blocks_custom_css":"","_kad_blocks_head_custom_js":"","_kad_blocks_body_custom_js":"","_kad_blocks_footer_custom_js":"","footnotes":""},"class_list":["post-429","page","type-page","status-publish","has-post-thumbnail","hentry"],"acf":[],"taxonomy_info":[],"featured_image_src_large":["https:\/\/deepfucks.com\/media\/logos\/deepfake-pornstars.webp",640,360,false],"author_info":{"display_name":"DeepFucks.com","author_link":"https:\/\/deepfucks.com\/fr\/author\/deepfucks\/"},"comment_info":0,"_links":{"self":[{"href":"https:\/\/deepfucks.com\/fr\/wp-json\/wp\/v2\/pages\/429","targetHints":{"allow":["GET"]}}],"collection":[{"href":"https:\/\/deepfucks.com\/fr\/wp-json\/wp\/v2\/pages"}],"about":[{"href":"https:\/\/deepfucks.com\/fr\/wp-json\/wp\/v2\/types\/page"}],"author":[{"embeddable":true,"href":"https:\/\/deepfucks.com\/fr\/wp-json\/wp\/v2\/users\/1"}],"replies":[{"embeddable":true,"href":"https:\/\/deepfucks.com\/fr\/wp-json\/wp\/v2\/comments?post=429"}],"version-history":[{"count":0,"href":"https:\/\/deepfucks.com\/fr\/wp-json\/wp\/v2\/pages\/429\/revisions"}],"wp:featuredmedia":[{"embeddable":true,"href":"https:\/\/deepfucks.com\/fr\/wp-json\/wp\/v2\/media\/29830"}],"wp:attachment":[{"href":"https:\/\/deepfucks.com\/fr\/wp-json\/wp\/v2\/media?parent=429"}],"curies":[{"name":"wp","href":"https:\/\/api.w.org\/{rel}","templated":true}]}}